{"id":1122222,"date":"2020-04-23T00:49:22","date_gmt":"2020-04-22T21:49:22","guid":{"rendered":"https:\/\/suomenkuvalehti.fi\/77d0c274e\/?page_id=1122222"},"modified":"2026-03-31T20:26:58","modified_gmt":"2026-03-31T17:26:58","slug":"nakoislehti","status":"publish","type":"page","link":"https:\/\/suomenkuvalehti.fi\/nakoislehti\/","title":{"rendered":"N\u00e4k\u00f6islehti"},"content":{"rendered":"\n<p>Arkistosta l\u00f6yd\u00e4t kaikki Suomen Kuvalehden numerot vuodesta 1916 n\u00e4k\u00f6islehten\u00e4. Tuoreimmat SK:t l\u00f6yd\u00e4t my\u00f6s digitaalisesta <a href=\"https:\/\/suomenkuvalehti.fi\/viikon-lehdet\/\">viikon lehdest\u00e4<\/a> ja <a href=\"https:\/\/suomenkuvalehti.fi\/kotimaa\/lataa-suomen-kuvalehden-sovellus-lue-tuoreimmat-analyysit-kuuntele-viikon-lehti-ja-pelaa-peleja\/?shared=1321406-6d4ef00d-999\">sovelluksestamme<\/a>. TV-maailman uusimmat numerot <a href=\"https:\/\/suomenkuvalehti.fi\/tv-maailma-nakoislehti\/\">l\u00f6yd\u00e4t t\u00e4\u00e4lt\u00e4<\/a> ja toki my\u00f6s SK:n sovelluksesta.<\/p>\n\n\n\n<p><\/p>\n","protected":false},"excerpt":{"rendered":"<p>Arkistosta l\u00f6yd\u00e4t kaikki Suomen Kuvalehden numerot vuodesta 1916 n\u00e4k\u00f6islehten\u00e4. Tuoreimmat SK:t l\u00f6yd\u00e4t my\u00f6s digitaalisesta viikon lehdest\u00e4 ja sovelluksestamme. TV-maailman uusimmat numerot l\u00f6yd\u00e4t t\u00e4\u00e4lt\u00e4 ja toki my\u00f6s SK:n sovelluksesta.<\/p>\n","protected":false},"author":1,"featured_media":0,"parent":0,"menu_order":0,"comment_status":"closed","ping_status":"closed","template":"","meta":{"_acf_changed":false,"asauth_required_access_level":1,"asauth_cansharepaid":"","om_header_attributes":[],"footnotes":"","om_featured_image_focal_point":[],"om_primary_tag":0,"om_contributors":[{"id":"author-override","type":"fixed","role":"Kirjoittajan yliajo","name":""},{"id":"photographer","type":"fixed","role":"Kuvat","name":""}],"om_co_authors":[],"beyondwords_generate_audio":"","beyondwords_project_id":"","beyondwords_content_id":"","beyondwords_preview_token":"","beyondwords_player_content":"","beyondwords_player_style":"","beyondwords_language_code":"","beyondwords_language_id":"","beyondwords_title_voice_id":"","beyondwords_body_voice_id":"","beyondwords_summary_voice_id":"","beyondwords_error_message":"","beyondwords_disabled":"","beyondwords_delete_content":"","beyondwords_podcast_id":"","beyondwords_hash":"","publish_post_to_speechkit":"","speechkit_hash":"","speechkit_generate_audio":"","speechkit_project_id":"","speechkit_podcast_id":"","speechkit_error_message":"","speechkit_disabled":"","speechkit_access_key":"","speechkit_error":"","speechkit_info":"","speechkit_response":"","speechkit_retries":"","speechkit_status":"","speechkit_updated_at":"","_speechkit_link":"","_speechkit_text":""},"tags":[],"class_list":["post-1122222","page","type-page","status-publish","hentry"],"om_views":null,"acf":[],"asauth":{"required_access_level":1,"share_token":"","is_paid":false},"yoast_head":"<!-- This site is optimized with the Yoast SEO plugin v26.4 - https:\/\/yoast.com\/wordpress\/plugins\/seo\/ -->\n<title>N\u00e4k\u00f6islehti - Suomenkuvalehti.fi<\/title>\n<meta name=\"robots\" content=\"index, follow, max-snippet:-1, max-image-preview:large, max-video-preview:-1\" \/>\n<link rel=\"canonical\" href=\"https:\/\/suomenkuvalehti.fi\/nakoislehti\/\" \/>\n<meta property=\"og:locale\" content=\"fi_FI\" \/>\n<meta property=\"og:type\" content=\"article\" \/>\n<meta property=\"og:title\" content=\"N\u00e4k\u00f6islehti - Suomenkuvalehti.fi\" \/>\n<meta property=\"og:description\" content=\"Arkistosta l\u00f6yd\u00e4t kaikki Suomen Kuvalehden numerot vuodesta 1916 n\u00e4k\u00f6islehten\u00e4. Tuoreimmat SK:t l\u00f6yd\u00e4t my\u00f6s digitaalisesta viikon lehdest\u00e4 ja sovelluksestamme. TV-maailman uusimmat numerot l\u00f6yd\u00e4t t\u00e4\u00e4lt\u00e4 ja toki my\u00f6s SK:n sovelluksesta.\" \/>\n<meta property=\"og:url\" content=\"https:\/\/suomenkuvalehti.fi\/nakoislehti\/\" \/>\n<meta property=\"og:site_name\" content=\"N\u00e4k\u00f6islehti\" \/>\n<meta property=\"article:modified_time\" content=\"2026-03-31T17:26:58+00:00\" \/>\n<meta name=\"twitter:card\" content=\"summary_large_image\" \/>\n<meta name=\"twitter:label1\" content=\"Est. reading time\" \/>\n\t<meta name=\"twitter:data1\" content=\"1 minuutti\" \/>\n<script type=\"application\/ld+json\" class=\"yoast-schema-graph\">{\"@context\":\"https:\/\/schema.org\",\"@graph\":[{\"@type\":\"WebPage\",\"@id\":\"https:\/\/suomenkuvalehti.fi\/nakoislehti\/\",\"url\":\"https:\/\/suomenkuvalehti.fi\/nakoislehti\/\",\"name\":\"N\u00e4k\u00f6islehti - Suomenkuvalehti.fi\",\"isPartOf\":{\"@id\":\"https:\/\/suomenkuvalehti.fi\/nakoislehti\/#website\"},\"datePublished\":\"2020-04-22T21:49:22+00:00\",\"dateModified\":\"2026-03-31T17:26:58+00:00\",\"breadcrumb\":{\"@id\":\"https:\/\/suomenkuvalehti.fi\/nakoislehti\/#breadcrumb\"},\"inLanguage\":\"fi\",\"potentialAction\":[{\"@type\":\"ReadAction\",\"target\":[\"https:\/\/suomenkuvalehti.fi\/nakoislehti\/\"]}]},{\"@type\":\"BreadcrumbList\",\"@id\":\"https:\/\/suomenkuvalehti.fi\/nakoislehti\/#breadcrumb\",\"itemListElement\":[{\"@type\":\"ListItem\",\"position\":1,\"name\":\"Home\",\"item\":\"https:\/\/suomenkuvalehti.fi\/nakoislehti\/\"},{\"@type\":\"ListItem\",\"position\":2,\"name\":\"N\u00e4k\u00f6islehti\"}]},{\"@type\":\"WebSite\",\"@id\":\"https:\/\/suomenkuvalehti.fi\/nakoislehti\/#website\",\"url\":\"https:\/\/suomenkuvalehti.fi\/nakoislehti\/\",\"name\":\"N\u00e4k\u00f6islehti\",\"description\":\"\",\"potentialAction\":[{\"@type\":\"SearchAction\",\"target\":{\"@type\":\"EntryPoint\",\"urlTemplate\":\"https:\/\/suomenkuvalehti.fi\/haku\/?q={search_term_string}\"},\"query-input\":{\"@type\":\"PropertyValueSpecification\",\"valueRequired\":true,\"valueName\":\"search_term_string\"}}],\"inLanguage\":\"fi\"}]}<\/script>\n<!-- \/ Yoast SEO plugin. -->","yoast_head_json":{"title":"N\u00e4k\u00f6islehti - Suomenkuvalehti.fi","robots":{"index":"index","follow":"follow","max-snippet":"max-snippet:-1","max-image-preview":"max-image-preview:large","max-video-preview":"max-video-preview:-1"},"canonical":"https:\/\/suomenkuvalehti.fi\/nakoislehti\/","og_locale":"fi_FI","og_type":"article","og_title":"N\u00e4k\u00f6islehti - Suomenkuvalehti.fi","og_description":"Arkistosta l\u00f6yd\u00e4t kaikki Suomen Kuvalehden numerot vuodesta 1916 n\u00e4k\u00f6islehten\u00e4. Tuoreimmat SK:t l\u00f6yd\u00e4t my\u00f6s digitaalisesta viikon lehdest\u00e4 ja sovelluksestamme. TV-maailman uusimmat numerot l\u00f6yd\u00e4t t\u00e4\u00e4lt\u00e4 ja toki my\u00f6s SK:n sovelluksesta.","og_url":"https:\/\/suomenkuvalehti.fi\/nakoislehti\/","og_site_name":"N\u00e4k\u00f6islehti","article_modified_time":"2026-03-31T17:26:58+00:00","twitter_card":"summary_large_image","twitter_misc":{"Est. reading time":"1 minuutti"},"schema":{"@context":"https:\/\/schema.org","@graph":[{"@type":"WebPage","@id":"https:\/\/suomenkuvalehti.fi\/nakoislehti\/","url":"https:\/\/suomenkuvalehti.fi\/nakoislehti\/","name":"N\u00e4k\u00f6islehti - Suomenkuvalehti.fi","isPartOf":{"@id":"https:\/\/suomenkuvalehti.fi\/nakoislehti\/#website"},"datePublished":"2020-04-22T21:49:22+00:00","dateModified":"2026-03-31T17:26:58+00:00","breadcrumb":{"@id":"https:\/\/suomenkuvalehti.fi\/nakoislehti\/#breadcrumb"},"inLanguage":"fi","potentialAction":[{"@type":"ReadAction","target":["https:\/\/suomenkuvalehti.fi\/nakoislehti\/"]}]},{"@type":"BreadcrumbList","@id":"https:\/\/suomenkuvalehti.fi\/nakoislehti\/#breadcrumb","itemListElement":[{"@type":"ListItem","position":1,"name":"Home","item":"https:\/\/suomenkuvalehti.fi\/nakoislehti\/"},{"@type":"ListItem","position":2,"name":"N\u00e4k\u00f6islehti"}]},{"@type":"WebSite","@id":"https:\/\/suomenkuvalehti.fi\/nakoislehti\/#website","url":"https:\/\/suomenkuvalehti.fi\/nakoislehti\/","name":"N\u00e4k\u00f6islehti","description":"","potentialAction":[{"@type":"SearchAction","target":{"@type":"EntryPoint","urlTemplate":"https:\/\/suomenkuvalehti.fi\/haku\/?q={search_term_string}"},"query-input":{"@type":"PropertyValueSpecification","valueRequired":true,"valueName":"search_term_string"}}],"inLanguage":"fi"}]}},"_links":{"self":[{"href":"https:\/\/suomenkuvalehti.fi\/nakoislehti\/wp-json\/wp\/v2\/pages\/1122222","targetHints":{"allow":["GET"]}}],"collection":[{"href":"https:\/\/suomenkuvalehti.fi\/nakoislehti\/wp-json\/wp\/v2\/pages"}],"about":[{"href":"https:\/\/suomenkuvalehti.fi\/nakoislehti\/wp-json\/wp\/v2\/types\/page"}],"author":[{"embeddable":true,"href":"https:\/\/suomenkuvalehti.fi\/nakoislehti\/wp-json\/wp\/v2\/users\/1"}],"replies":[{"embeddable":true,"href":"https:\/\/suomenkuvalehti.fi\/nakoislehti\/wp-json\/wp\/v2\/comments?post=1122222"}],"version-history":[{"count":11,"href":"https:\/\/suomenkuvalehti.fi\/nakoislehti\/wp-json\/wp\/v2\/pages\/1122222\/revisions"}],"predecessor-version":[{"id":1164136,"href":"https:\/\/suomenkuvalehti.fi\/nakoislehti\/wp-json\/wp\/v2\/pages\/1122222\/revisions\/1164136"}],"wp:attachment":[{"href":"https:\/\/suomenkuvalehti.fi\/nakoislehti\/wp-json\/wp\/v2\/media?parent=1122222"}],"wp:term":[{"taxonomy":"post_tag","embeddable":true,"href":"https:\/\/suomenkuvalehti.fi\/nakoislehti\/wp-json\/wp\/v2\/tags?post=1122222"}],"curies":[{"name":"wp","href":"https:\/\/api.w.org\/{rel}","templated":true}]}}